{"id":1216,"date":"2017-11-10T15:08:51","date_gmt":"2017-11-10T14:08:51","guid":{"rendered":"http:\/\/tag_link_site_url\/mesmerize\/"},"modified":"2022-01-04T22:09:17","modified_gmt":"2022-01-04T21:09:17","slug":"piscinas-2","status":"publish","type":"page","link":"https:\/\/www.piscinas.grupo-bb.com\/","title":{"rendered":"Grupo bb"},"content":{"rendered":"<div  data-label=\"Trabajos\" data-id=\"portfolio--1\" data-export-id=\"portfolio-4\" data-category=\"portfolio\" class=\"portfolio-4 content-section content-section-spacing-top\" id=\"trabajos\" style=\"background-color: rgb(245, 250, 253);\">\n<div  class=\"\">\n<div  class=\"row text-center\">\n<div  class=\"section-title-col\" data-type=\"column\">\n<h2  class=\"\">Algunos trabajos.<\/h2>\n<\/p><\/div>\n<\/p><\/div>\n<div  data-type=\"row\" class=\"row\" data-fixed=\"true\">\n<div  class=\"col-xs-12 col-sm-3 no-gutter-col\">\n<div  class=\"contentswap-effect\" data-hover-fx=\"portfolio-4\">\n<div  class=\"initial-image\"> <img decoding=\"async\"  data-size=\"542x360\" src=\"https:\/\/i0.wp.com\/www.piscinas.grupo-bb.com\/wp-content\/uploads\/2019\/03\/cropped-cropped-cropped-64622E15-6954-40F9-B046-0317CFF97D45-scaled-1.jpg?w=1200&#038;ssl=1\" class=\"smush-detected-img smush-image-1 smush-image-4\" data-recalc-dims=\"1\"><\/div>\n<div  class=\"overlay bg-color1\"><\/div>\n<div  class=\"swap-inner col-xs-12\">\n<div  class=\"row full-height-row middle-xs middle-sm\">\n<div  class=\"col-xs-12 text-center content-holder\"> <a href=\"https:\/\/www.piscinas.grupo-bb.com\/index.php\/piscinas__trashed\/mantenimiento\" target=\"_self\" rel=\"noopener\"><i  class=\"fa icon portfolio-icon fa-search big\" aria-hidden=\"true\"><\/i><\/a><\/div>\n<\/p><\/div>\n<\/div><\/div>\n<\/div>\n<div  class=\"col-xs-12 col-sm-3 no-gutter-col\">\n<div  class=\"contentswap-effect\" data-hover-fx=\"portfolio-4\">\n<div  class=\"initial-image\"> <img decoding=\"async\"  data-size=\"542x360\" src=\"https:\/\/i0.wp.com\/www.piscinas.grupo-bb.com\/wp-content\/uploads\/2020\/12\/cropped-cropped-IMG_2154-scaled-1.jpg?w=1200&#038;ssl=1\" class=\"smush-detected-img smush-image-2 smush-image-5\" data-recalc-dims=\"1\"><\/div>\n<div  class=\"overlay bg-color1\"><\/div>\n<div  class=\"swap-inner col-xs-12\">\n<div  class=\"row full-height-row middle-xs middle-sm\">\n<div  class=\"col-xs-12 text-center content-holder\"> <a href=\"WWW.GRUPOBB.ES\/ES\" target=\"_self\" rel=\"noopener\"><i  class=\"fa icon portfolio-icon fa-search big\" aria-hidden=\"true\"><\/i><\/a><\/div>\n<\/p><\/div>\n<\/div><\/div>\n<\/div>\n<div  class=\"col-xs-12 col-sm-3 no-gutter-col\">\n<div  class=\"contentswap-effect\" data-hover-fx=\"portfolio-4\">\n<div  class=\"initial-image\"> <img decoding=\"async\"  data-size=\"542x360\" src=\"https:\/\/i0.wp.com\/www.piscinas.grupo-bb.com\/wp-content\/uploads\/2020\/12\/cropped-IMG_6012-scaled-1.jpg?w=1200&#038;ssl=1\" class=\"smush-detected-img smush-image-3 smush-image-1\" data-recalc-dims=\"1\"><\/div>\n<div  class=\"overlay bg-color1\"><\/div>\n<div  class=\"swap-inner col-xs-12\">\n<div  class=\"row full-height-row middle-xs middle-sm\">\n<div  class=\"col-xs-12 text-center content-holder\"> <a href=\"WWW.GRUPOBB.ES\/ES\" target=\"_self\" rel=\"noopener\"><i  class=\"fa icon portfolio-icon fa-search big\" aria-hidden=\"true\"><\/i><\/a><\/div>\n<\/p><\/div>\n<\/div><\/div>\n<\/div>\n<div  class=\"col-xs-12 col-sm-3 no-gutter-col\">\n<div  class=\"contentswap-effect\" data-hover-fx=\"portfolio-4\">\n<div  class=\"initial-image\"> <img decoding=\"async\"  data-size=\"542x360\" src=\"https:\/\/i0.wp.com\/www.piscinas.grupo-bb.com\/wp-content\/uploads\/2020\/12\/cropped-cropped-IMG_3447-scaled-1.jpg?w=1200&#038;ssl=1\" class=\"smush-detected-img smush-image-4 smush-image-2\" data-recalc-dims=\"1\"><\/div>\n<div  class=\"overlay bg-color1\"><\/div>\n<div  class=\"swap-inner col-xs-12\">\n<div  class=\"row full-height-row middle-xs middle-sm\">\n<div  class=\"col-xs-12 text-center content-holder\"> <a href=\"WWW.GRUPOBB.ES\/ES\" target=\"_self\" rel=\"noopener\"><i  class=\"fa icon portfolio-icon fa-search big\" aria-hidden=\"true\"><\/i><\/a><\/div>\n<\/p><\/div>\n<\/div><\/div>\n<\/div>\n<div  class=\"col-xs-12 col-sm-3 no-gutter-col\">\n<div  class=\"contentswap-effect\" data-hover-fx=\"portfolio-4\">\n<div  class=\"initial-image\"> <img decoding=\"async\"  data-size=\"542x360\" src=\"https:\/\/i0.wp.com\/www.piscinas.grupo-bb.com\/wp-content\/uploads\/2020\/12\/cropped-cropped-IMG_1277-scaled-1.jpg?w=1200&#038;ssl=1\" class=\"smush-detected-img smush-image-5 smush-image-3\" data-recalc-dims=\"1\"><\/div>\n<div  class=\"overlay bg-color1\"><\/div>\n<div  class=\"swap-inner col-xs-12\">\n<div  class=\"row full-height-row middle-xs middle-sm\">\n<div  class=\"col-xs-12 text-center content-holder\"> <a href=\"WWW.GRUPOBB.ES\/ES\" target=\"_self\" rel=\"noopener\"><i  class=\"fa icon portfolio-icon fa-search big\" aria-hidden=\"true\"><\/i><\/a><\/div>\n<\/p><\/div>\n<\/div><\/div>\n<\/div>\n<div  class=\"col-xs-12 col-sm-3 no-gutter-col\">\n<div  class=\"contentswap-effect\" data-hover-fx=\"portfolio-4\">\n<div  class=\"initial-image\"> <img decoding=\"async\"  data-size=\"542x360\" src=\"https:\/\/i0.wp.com\/www.piscinas.grupo-bb.com\/wp-content\/uploads\/2020\/12\/cropped-22669322-24cb-49f2-9477-292dbfae4cc8.jpg?w=1200&#038;ssl=1\" class=\"smush-detected-img smush-image-6 smush-image-4\" data-recalc-dims=\"1\"><\/div>\n<div  class=\"overlay bg-color1\"><\/div>\n<div  class=\"swap-inner col-xs-12\">\n<div  class=\"row full-height-row middle-xs middle-sm\">\n<div  class=\"col-xs-12 text-center content-holder\"> <a href=\"#WWW.GRUPOBB.ES\/ES\" target=\"_blank\" rel=\"noopener\"><i  class=\"fa icon portfolio-icon fa-eye bordered round big\" aria-hidden=\"true\"><\/i><\/a><\/div>\n<\/p><\/div>\n<\/div><\/div>\n<\/div>\n<div  class=\"col-xs-12 col-sm-3 no-gutter-col\">\n<div  class=\"contentswap-effect\" data-hover-fx=\"portfolio-4\">\n<div  class=\"initial-image\"> <img decoding=\"async\"  data-size=\"542x360\" src=\"https:\/\/i0.wp.com\/www.piscinas.grupo-bb.com\/wp-content\/uploads\/2019\/04\/cropped-IMG_20140704_102130-1.jpg?w=1200&#038;ssl=1\" class=\"smush-detected-img smush-image-7 smush-image-5\" data-recalc-dims=\"1\"><\/div>\n<div  class=\"overlay bg-color1\"><\/div>\n<div  class=\"swap-inner col-xs-12\">\n<div  class=\"row full-height-row middle-xs middle-sm\">\n<div  class=\"col-xs-12 text-center content-holder\"> <a href=\"\/\/www.piscinas.grupo-bb.com\/index.php\/piscinas__trashed\/mantenimiento\" target=\"_self\" rel=\"noopener\"><i  class=\"fa icon portfolio-icon fa-search big\" aria-hidden=\"true\"><\/i><\/a><\/div>\n<\/p><\/div>\n<\/div><\/div>\n<\/div>\n<div  class=\"col-xs-12 col-sm-3 no-gutter-col\">\n<div  class=\"contentswap-effect\" data-hover-fx=\"portfolio-4\">\n<div  class=\"initial-image\"> <img decoding=\"async\"  data-size=\"542x360\" src=\"https:\/\/i0.wp.com\/www.piscinas.grupo-bb.com\/wp-content\/uploads\/2019\/03\/cropped-cropped-IMG_0304-3-scaled-1.jpg?w=1200&#038;ssl=1\" class=\"smush-detected-img smush-image-8 smush-image-6\" data-recalc-dims=\"1\"><\/div>\n<div  class=\"overlay bg-color1\"><\/div>\n<div  class=\"swap-inner col-xs-12\">\n<div  class=\"row full-height-row middle-xs middle-sm\">\n<div  class=\"col-xs-12 text-center content-holder\"> <a href=\"https:\/\/www.piscinas.grupo-bb.com\/index.php\/piscinas__trashed\/mantenimiento\" target=\"_self\" rel=\"noopener\"><i  class=\"fa icon portfolio-icon fa-search big\" aria-hidden=\"true\"><\/i><\/a><\/div>\n<\/p><\/div>\n<\/div><\/div>\n<\/div><\/div>\n<\/div><\/div>\n<div  data-label=\"Servicios\" data-id=\"overlappable--1\" data-export-id=\"overlappable-4\" data-category=\"overlappable\" class=\"overlappable-4 content-section content-section-spacing\" data-overlap=\"true\" id=\"servicios\" style=\"background-color: rgb(255, 255, 255);\">\n<div  class=\"gridContainer\">\n<div  data-type=\"row\" class=\"row spaced-cols text-center\">\n<div  class=\"col-xs-12 col-sm-4 col-padding\"> <a data-cp-link=\"1\" href=\"https:\/\/www.piscinas.grupo-bb.com\/WWW.GRUPOBB.ES\/ES\" target=\"_self\" rel=\"noopener\"><i  class=\"fa icon shadow-large-black aligncenter color1 fa-clone reverse round large\"><\/i><\/a> <\/p>\n<div  data-type=\"column\" class=\"\">\n<h5  class=\"\">Rehabilitaci\u00f3n de Piscinas.<\/h5>\n<\/p><\/div>\n<\/p><\/div>\n<div  class=\"col-xs-12 col-sm-4 col-padding\"> <a data-cp-link=\"1\" href=\"https:\/\/www.piscinas.grupo-bb.com\/www.grupo-bb.com\" target=\"_self\" rel=\"noopener\"><i  class=\"fa icon shadow-large-black aligncenter color1 fa-cogs reverse round large\"><\/i><\/a> <\/p>\n<div  data-type=\"column\" class=\"\">\n<h5  class=\"\">Mantenimiento de Instalaciones.<\/h5>\n<\/p><\/div>\n<\/p><\/div>\n<div  class=\"col-xs-12 col-sm-4 col-padding\"> <a data-cp-link=\"1\" href=\"https:\/\/www.piscinas.grupo-bb.com\/www.grupobb.es\/es\" target=\"_self\" rel=\"noopener\"><i  class=\"fa icon shadow-large-black aligncenter color1 fa-magic reverse round large\"><\/i><\/a> <\/p>\n<div  data-type=\"column\" class=\"\">\n<h5  class=\"\">Construcci\u00f3n de Piscinas.<\/h5>\n<\/p><\/div>\n<\/p><\/div>\n<\/div><\/div>\n<\/div>\n<div  data-label=\"Sobre Nosotros\" data-id=\"about--1\" data-export-id=\"about-1\" data-category=\"about\" class=\"about-1 content-section\" id=\"sobre-nosotros\" style=\"background-color: rgb(255, 255, 255);\">\n<div  class=\"gridContainer\">\n<div  class=\"row text-center\">\n<div  class=\"section-title-col\" data-type=\"column\">\n<h2  class=\"\"><span  href=\"#\" style=\"font-weight: 700; font-family: Playfair Display,sans-serif; font-style: italic;\">Sobre Nosotros<\/span><\/h2>\n<p  class=\"lead\">Grupo bb, nace en el a\u00f1o 2015, empresa familiar, con profesionales cualificados, con m\u00e1s de 20 a\u00f1os de experiencia en el sector, tercera generaci\u00f3n. Nuestro objetivo, proporcionar a nuestros clientes, una metodolog\u00eda de trabajo innovadora. Con una  filosof\u00eda basada en la plena satisfacci\u00f3n de nuestra clientela, estudiamos cada necesidad concreta. Buscamos o seleccionamos, a los profesionales m\u00e1s adecuados, consiguiendo con ello que nuestro equipo profesional conforme nuestro mejor activo.Grupo bb, nace en el a\u00f1o 2015, empresa familiar, con profesionales cualificados, con m\u00e1s de 20 a\u00f1os de experiencia en el sector, tercera generaci\u00f3n. Nuestro objetivo, proporcionar a nuestros clientes, una metodolog\u00eda de trabajo innovadora. Con una  filosof\u00eda basada en la plena satisfacci\u00f3n de nuestra clientela, estudiamos cada necesidad concreta. Buscamos o seleccionamos, a los profesionales m\u00e1s adecuados, consiguiendo con ello que nuestro equipo profesional conforme nuestro mejor activo.  <\/p>\n<\/div><\/div>\n<div  class=\"row\">\n<div  class=\"button-holder space-bottom space-bottom-small\" data-type=\"column\"> <\/div>\n<div  class=\"col-xs bottom-xs flexbox image-group-bottom-3-img space-bottom-xs center-xs\"> <img decoding=\"async\"  class=\"left-img shadow-large-black smush-detected-img smush-image-4 smush-image-6\" data-size=\"500x300\" src=\"https:\/\/i0.wp.com\/www.piscinas.grupo-bb.com\/wp-content\/uploads\/2019\/04\/cropped-IMG_1765-1.jpg?w=1200&#038;ssl=1\" title=\"cropped-IMG_1765-1.jpg\" alt=\"\" data-recalc-dims=\"1\"> <img decoding=\"async\"  class=\"center-img shadow-large-black smush-detected-img smush-image-5 smush-image-7\" data-size=\"500x300\" src=\"https:\/\/i0.wp.com\/www.piscinas.grupo-bb.com\/wp-content\/uploads\/2022\/01\/cropped-Luis-Maria-4-fotos-scaled-1.jpg?w=1200&#038;ssl=1\" title=\"cropped-Luis-Maria-4-fotos-scaled-1.jpg\" alt=\"\" data-recalc-dims=\"1\"> <img decoding=\"async\"  class=\"right-img shadow-large-black smush-detected-img smush-image-6 smush-image-8\" data-size=\"500x300\" src=\"https:\/\/i0.wp.com\/www.piscinas.grupo-bb.com\/wp-content\/uploads\/2019\/03\/cropped-cropped-64622E15-6954-40F9-B046-0317CFF97D45-scaled-1.jpg?w=1200&#038;ssl=1\" title=\"cropped-cropped-64622E15-6954-40F9-B046-0317CFF97D45-scaled-1.jpg\" alt=\"\" data-recalc-dims=\"1\"><\/div>\n<\/p><\/div>\n<\/div><\/div>\n<div  data-label=\"Proyectos\" data-id=\"content--1\" data-export-id=\"content-3\" data-category=\"content\" class=\"content-3 content-section content-section-spacing\" id=\"proyectos\" style=\"background-color: rgb(245, 250, 253);\">\n<div >\n<div  class=\"row middle-xs\">\n<div  class=\"col-sm-7 full-col-left-padding full-col-right-padding\">\n<div  class=\"row\">\n<div  data-type=\"column\" class=\"space-bottom-small content-title-col\">\n<h5  class=\"\">REALIZAMOS CUALQUIER PROYECTO QUE NECESITES, HACEMOS REALIZAD LOS SUE\u00d1OS.<\/h5>\n<\/p><\/div>\n<\/p><\/div>\n<div  class=\"row spaced-cols\" data-type=\"row\">\n<div  class=\"col-xs-6\" data-type=\"column\"> <\/div>\n<\/p><\/div>\n<\/div>\n<div  class=\"col-sm-5 bg-image shadow-large-black revert-classes-holder\" data-bg=\"image\" style=\"background-image: url(&quot;https:\/\/www.piscinas.grupo-bb.com\/wp-content\/uploads\/2020\/12\/cropped-cropped-IMG_1277-scaled-1-1.jpg&quot;);\"><\/div>\n<\/div><\/div>\n<\/div>\n","protected":false},"excerpt":{"rendered":"<p>Algunos trabajos. Rehabilitaci\u00f3n de Piscinas. Mantenimiento de Instalaciones. Construcci\u00f3n de Piscinas. Sobre Nosotros Grupo bb, nace en el a\u00f1o 2015, empresa familiar, con profesionales cualificados, con m\u00e1s de 20 a\u00f1os de experiencia en el sector, tercera generaci\u00f3n. Nuestro objetivo, proporcionar a nuestros clientes, una metodolog\u00eda de trabajo innovadora. Con una filosof\u00eda basada en la plena &#8230; <a title=\"Grupo bb\" class=\"read-more\" href=\"https:\/\/www.piscinas.grupo-bb.com\/\" aria-label=\"Leer m\u00e1s sobre Grupo bb\">Leer m\u00e1s<\/a><\/p>\n","protected":false},"author":1,"featured_media":0,"parent":0,"menu_order":0,"comment_status":"closed","ping_status":"closed","template":"page-templates\/homepage.php","meta":{"_joinchat":[],"footnotes":""},"class_list":["post-1216","page","type-page","status-publish"],"jetpack_sharing_enabled":true,"jetpack_shortlink":"https:\/\/wp.me\/PaSd1G-jC","_links":{"self":[{"href":"https:\/\/www.piscinas.grupo-bb.com\/index.php\/wp-json\/wp\/v2\/pages\/1216","targetHints":{"allow":["GET"]}}],"collection":[{"href":"https:\/\/www.piscinas.grupo-bb.com\/index.php\/wp-json\/wp\/v2\/pages"}],"about":[{"href":"https:\/\/www.piscinas.grupo-bb.com\/index.php\/wp-json\/wp\/v2\/types\/page"}],"author":[{"embeddable":true,"href":"https:\/\/www.piscinas.grupo-bb.com\/index.php\/wp-json\/wp\/v2\/users\/1"}],"replies":[{"embeddable":true,"href":"https:\/\/www.piscinas.grupo-bb.com\/index.php\/wp-json\/wp\/v2\/comments?post=1216"}],"version-history":[{"count":10,"href":"https:\/\/www.piscinas.grupo-bb.com\/index.php\/wp-json\/wp\/v2\/pages\/1216\/revisions"}],"predecessor-version":[{"id":1269,"href":"https:\/\/www.piscinas.grupo-bb.com\/index.php\/wp-json\/wp\/v2\/pages\/1216\/revisions\/1269"}],"wp:attachment":[{"href":"https:\/\/www.piscinas.grupo-bb.com\/index.php\/wp-json\/wp\/v2\/media?parent=1216"}],"curies":[{"name":"wp","href":"https:\/\/api.w.org\/{rel}","templated":true}]}}